{"id":1808,"date":"2025-11-07T14:15:44","date_gmt":"2025-11-07T13:15:44","guid":{"rendered":"https:\/\/frvbue.dk\/?page_id=1808"},"modified":"2026-02-18T00:54:59","modified_gmt":"2026-02-17T23:54:59","slug":"recurve-bue-2","status":"publish","type":"page","link":"https:\/\/frvbue.dk\/index.php\/recurve-bue-2\/","title":{"rendered":"Lang bue"},"content":{"rendered":"\t\t<div data-elementor-type=\"wp-page\" data-elementor-id=\"1808\" class=\"elementor elementor-1808\" data-elementor-settings=\"{&quot;element_pack_global_tooltip_width&quot;:{&quot;unit&quot;:&quot;px&quot;,&quot;size&quot;:&quot;&quot;,&quot;sizes&quot;:[]},&quot;element_pack_global_tooltip_width_tablet&quot;:{&quot;unit&quot;:&quot;px&quot;,&quot;size&quot;:&quot;&quot;,&quot;sizes&quot;:[]},&quot;element_pack_global_tooltip_width_mobile&quot;:{&quot;unit&quot;:&quot;px&quot;,&quot;size&quot;:&quot;&quot;,&quot;sizes&quot;:[]},&quot;element_pack_global_tooltip_padding&quot;:{&quot;unit&quot;:&quot;px&quot;,&quot;top&quot;:&quot;&quot;,&quot;right&quot;:&quot;&quot;,&quot;bottom&quot;:&quot;&quot;,&quot;left&quot;:&quot;&quot;,&quot;isLinked&quot;:true},&quot;element_pack_global_tooltip_padding_tablet&quot;:{&quot;unit&quot;:&quot;px&quot;,&quot;top&quot;:&quot;&quot;,&quot;right&quot;:&quot;&quot;,&quot;bottom&quot;:&quot;&quot;,&quot;left&quot;:&quot;&quot;,&quot;isLinked&quot;:true},&quot;element_pack_global_tooltip_padding_mobile&quot;:{&quot;unit&quot;:&quot;px&quot;,&quot;top&quot;:&quot;&quot;,&quot;right&quot;:&quot;&quot;,&quot;bottom&quot;:&quot;&quot;,&quot;left&quot;:&quot;&quot;,&quot;isLinked&quot;:true},&quot;element_pack_global_tooltip_border_radius&quot;:{&quot;unit&quot;:&quot;px&quot;,&quot;top&quot;:&quot;&quot;,&quot;right&quot;:&quot;&quot;,&quot;bottom&quot;:&quot;&quot;,&quot;left&quot;:&quot;&quot;,&quot;isLinked&quot;:true},&quot;element_pack_global_tooltip_border_radius_tablet&quot;:{&quot;unit&quot;:&quot;px&quot;,&quot;top&quot;:&quot;&quot;,&quot;right&quot;:&quot;&quot;,&quot;bottom&quot;:&quot;&quot;,&quot;left&quot;:&quot;&quot;,&quot;isLinked&quot;:true},&quot;element_pack_global_tooltip_border_radius_mobile&quot;:{&quot;unit&quot;:&quot;px&quot;,&quot;top&quot;:&quot;&quot;,&quot;right&quot;:&quot;&quot;,&quot;bottom&quot;:&quot;&quot;,&quot;left&quot;:&quot;&quot;,&quot;isLinked&quot;:true}}\" data-elementor-post-type=\"page\">\n\t\t\t\t<div class=\"elementor-element elementor-element-592fb86 e-flex e-con-boxed e-con e-parent\" data-id=\"592fb86\" data-element_type=\"container\" data-e-type=\"container\" data-settings=\"{&quot;background_background&quot;:&quot;classic&quot;}\">\n\t\t\t\t\t<div class=\"e-con-inner\">\n\t\t<div class=\"elementor-element elementor-element-0874f10 e-flex e-con-boxed elementor-invisible e-con e-child\" data-id=\"0874f10\" data-element_type=\"container\" data-e-type=\"container\" data-settings=\"{&quot;background_background&quot;:&quot;classic&quot;,&quot;animation&quot;:&quot;fadeInUp&quot;}\">\n\t\t\t\t\t<div class=\"e-con-inner\">\n\t\t\t\t<div class=\"elementor-element elementor-element-1058788 elementor-widget__width-initial elementor-widget elementor-widget-heading\" data-id=\"1058788\" data-element_type=\"widget\" data-e-type=\"widget\" data-widget_type=\"heading.default\">\n\t\t\t\t\t<h1 class=\"elementor-heading-title elementor-size-default\">Langbuen<\/h1>\t\t\t\t<\/div>\n\t\t\t\t\t<\/div>\n\t\t\t\t<\/div>\n\t\t\t\t<div class=\"elementor-element elementor-element-196cf20 elementor-absolute elementor-widget__width-initial elementor-widget elementor-widget-heading\" data-id=\"196cf20\" data-element_type=\"widget\" data-e-type=\"widget\" data-settings=\"{&quot;_position&quot;:&quot;absolute&quot;}\" data-widget_type=\"heading.default\">\n\t\t\t\t\t<div class=\"elementor-heading-title elementor-size-default\">Lang buen<\/div>\t\t\t\t<\/div>\n\t\t\t\t\t<\/div>\n\t\t\t\t<\/div>\n\t\t<div class=\"elementor-element elementor-element-7781f7e e-flex e-con-boxed e-con e-parent\" data-id=\"7781f7e\" data-element_type=\"container\" data-e-type=\"container\">\n\t\t\t\t\t<div class=\"e-con-inner\">\n\t\t\t\t<div class=\"elementor-element elementor-element-528d65a elementor-widget elementor-widget-spacer\" data-id=\"528d65a\" data-element_type=\"widget\" data-e-type=\"widget\" data-widget_type=\"spacer.default\">\n\t\t\t\t\t\t\t<div class=\"elementor-spacer\">\n\t\t\t<div class=\"elementor-spacer-inner\"><\/div>\n\t\t<\/div>\n\t\t\t\t\t\t<\/div>\n\t\t\t\t\t<\/div>\n\t\t\t\t<\/div>\n\t\t<div class=\"elementor-element elementor-element-9e08f10 e-flex e-con-boxed e-con e-parent\" data-id=\"9e08f10\" data-element_type=\"container\" data-e-type=\"container\">\n\t\t\t\t\t<div class=\"e-con-inner\">\n\t\t\t\t<div class=\"elementor-element elementor-element-c738f46 elementor-widget elementor-widget-text-editor\" data-id=\"c738f46\" data-element_type=\"widget\" data-e-type=\"widget\" data-widget_type=\"text-editor.default\">\n\t\t\t\t\t\t\t\t\t<p style=\"text-align: center;\"><strong data-start=\"294\" data-end=\"306\">Langbuen<\/strong> er bueskydningens mest ikoniske og historiske bueform.<br data-start=\"361\" data-end=\"364\" \/>En bue i sin reneste og mest oprindelige udgave \u2013 enkel, kraftfuld og smuk i sit h\u00e5ndv\u00e6rk.<br data-start=\"454\" data-end=\"457\" \/>Den best\u00e5r typisk af \u00e9t langt, buet stykke tr\u00e6 og minder i form og funktion om de buer, som mennesker har brugt i tusinder af \u00e5r.<\/p>\t\t\t\t\t\t\t\t<\/div>\n\t\t\t\t\t<\/div>\n\t\t\t\t<\/div>\n\t\t<div class=\"elementor-element elementor-element-eecb3e2 e-flex e-con-boxed e-con e-parent\" data-id=\"eecb3e2\" data-element_type=\"container\" data-e-type=\"container\">\n\t\t\t\t\t<div class=\"e-con-inner\">\n\t\t<div class=\"elementor-element elementor-element-baab954 e-con-full e-flex e-con e-child\" data-id=\"baab954\" data-element_type=\"container\" data-e-type=\"container\">\n\t\t\t\t<div class=\"elementor-element elementor-element-4dda237 elementor-widget elementor-widget-heading\" data-id=\"4dda237\" data-element_type=\"widget\" data-e-type=\"widget\" data-widget_type=\"heading.default\">\n\t\t\t\t\t<h6 class=\"elementor-heading-title elementor-size-default\">Historien om Langbuen<\/h6>\t\t\t\t<\/div>\n\t\t\t\t<div class=\"elementor-element elementor-element-ad656d0 elementor-widget elementor-widget-text-editor\" data-id=\"ad656d0\" data-element_type=\"widget\" data-e-type=\"widget\" data-widget_type=\"text-editor.default\">\n\t\t\t\t\t\t\t\t\t<p data-start=\"618\" data-end=\"1018\"><b>Langbuen <\/b>har v\u00e6ret en del af menneskets historie siden oldtiden, men den blev for alvor legendarisk i <strong data-start=\"720\" data-end=\"746\">middelalderens England<\/strong>.<br data-start=\"747\" data-end=\"750\" \/>Her var den engelske langbue et uundv\u00e6rligt v\u00e5ben, is\u00e6r under <strong data-start=\"812\" data-end=\"833\">Hundrede\u00e5rskrigen<\/strong>, hvor bueskytterne fra England blev frygtet for deres pr\u00e6cision og kraft.<br data-start=\"907\" data-end=\"910\" \/>Slaget ved <strong data-start=\"921\" data-end=\"941\">Agincourt i 1415<\/strong> st\u00e5r som et af de mest ber\u00f8mte eksempler p\u00e5 langbuens styrke og betydning.<\/p><p data-start=\"509\" data-end=\"815\">\u00a0<\/p><p data-start=\"1020\" data-end=\"1187\">Langbuen blev ikke blot et v\u00e5ben, men et symbol p\u00e5 f\u00e6rdighed, disciplin og frihed \u2013 et billede, der siden er blevet ud\u00f8deliggjort gennem legender som <strong data-start=\"1170\" data-end=\"1184\">Robin Hood<\/strong>.<\/p>\t\t\t\t\t\t\t\t<\/div>\n\t\t\t\t<\/div>\n\t\t<div class=\"elementor-element elementor-element-dc3a161 e-con-full e-flex e-con e-child\" data-id=\"dc3a161\" data-element_type=\"container\" data-e-type=\"container\">\n\t\t\t\t<div class=\"elementor-element elementor-element-9c1a1fd elementor-widget elementor-widget-image\" data-id=\"9c1a1fd\" data-element_type=\"widget\" data-e-type=\"widget\" data-widget_type=\"image.default\">\n\t\t\t\t\t\t\t\t\t\t\t\t\t\t\t<img fetchpriority=\"high\" decoding=\"async\" width=\"720\" height=\"514\" src=\"https:\/\/frvbue.dk\/wp-content\/uploads\/2025\/11\/71043990_1188410234688669_2465348216162353152_n.jpg\" class=\"attachment-medium_large size-medium_large wp-image-1707\" alt=\"\" srcset=\"https:\/\/frvbue.dk\/wp-content\/uploads\/2025\/11\/71043990_1188410234688669_2465348216162353152_n.jpg 720w, https:\/\/frvbue.dk\/wp-content\/uploads\/2025\/11\/71043990_1188410234688669_2465348216162353152_n-300x214.jpg 300w\" sizes=\"(max-width: 720px) 100vw, 720px\" \/>\t\t\t\t\t\t\t\t\t\t\t\t\t\t\t<\/div>\n\t\t\t\t<\/div>\n\t\t\t\t\t<\/div>\n\t\t\t\t<\/div>\n\t\t<div class=\"elementor-element elementor-element-3909c79 e-flex e-con-boxed e-con e-parent\" data-id=\"3909c79\" data-element_type=\"container\" data-e-type=\"container\">\n\t\t\t\t\t<div class=\"e-con-inner\">\n\t\t<div class=\"elementor-element elementor-element-a973a55 e-con-full e-flex e-con e-child\" data-id=\"a973a55\" data-element_type=\"container\" data-e-type=\"container\">\n\t\t<div class=\"elementor-element elementor-element-c8f91cb e-con-full e-flex e-con e-child\" data-id=\"c8f91cb\" data-element_type=\"container\" data-e-type=\"container\">\n\t\t\t\t<div class=\"elementor-element elementor-element-fa1192d elementor-widget elementor-widget-image\" data-id=\"fa1192d\" data-element_type=\"widget\" data-e-type=\"widget\" data-widget_type=\"image.default\">\n\t\t\t\t\t\t\t\t\t\t\t\t\t\t\t<img decoding=\"async\" width=\"800\" height=\"883\" src=\"https:\/\/frvbue.dk\/wp-content\/uploads\/2025\/11\/Langbue-1-e1762523136722-928x1024.jpg\" class=\"attachment-large size-large wp-image-1820\" alt=\"\" srcset=\"https:\/\/frvbue.dk\/wp-content\/uploads\/2025\/11\/Langbue-1-e1762523136722-928x1024.jpg 928w, https:\/\/frvbue.dk\/wp-content\/uploads\/2025\/11\/Langbue-1-e1762523136722-272x300.jpg 272w, https:\/\/frvbue.dk\/wp-content\/uploads\/2025\/11\/Langbue-1-e1762523136722-768x847.jpg 768w, https:\/\/frvbue.dk\/wp-content\/uploads\/2025\/11\/Langbue-1-e1762523136722-1393x1536.jpg 1393w, https:\/\/frvbue.dk\/wp-content\/uploads\/2025\/11\/Langbue-1-e1762523136722.jpg 1427w\" sizes=\"(max-width: 800px) 100vw, 800px\" \/>\t\t\t\t\t\t\t\t\t\t\t\t\t\t\t<\/div>\n\t\t\t\t<\/div>\n\t\t\t\t<\/div>\n\t\t<div class=\"elementor-element elementor-element-381c6f0 e-con-full e-flex e-con e-child\" data-id=\"381c6f0\" data-element_type=\"container\" data-e-type=\"container\">\n\t\t\t\t<div class=\"elementor-element elementor-element-338ba64 elementor-widget elementor-widget-heading\" data-id=\"338ba64\" data-element_type=\"widget\" data-e-type=\"widget\" data-widget_type=\"heading.default\">\n\t\t\t\t\t<h6 class=\"elementor-heading-title elementor-size-default\">Hvad kendetegner en Langbuen?<\/h6>\t\t\t\t<\/div>\n\t\t<div class=\"elementor-element elementor-element-7022130 e-con-full e-flex e-con e-child\" data-id=\"7022130\" data-element_type=\"container\" data-e-type=\"container\">\n\t\t\t\t<div class=\"elementor-element elementor-element-610aebc elementor-widget elementor-widget-text-editor\" data-id=\"610aebc\" data-element_type=\"widget\" data-e-type=\"widget\" data-widget_type=\"text-editor.default\">\n\t\t\t\t\t\t\t\t\t<p>En <b>langbue<\/b> er, som navnet antyder, en <strong data-start=\"1262\" data-end=\"1315\">lang bue uden recurve eller tekniske hj\u00e6lpemidler<\/strong>.<br data-start=\"1316\" data-end=\"1319\" \/>Den er oftest lavet af tr\u00e6 \u2013 fx ask, elm eller barlind \u2013 og har en rund eller D-formet profil.<br data-start=\"1413\" data-end=\"1416\" \/>Skytten sigter ved hj\u00e6lp af instinkt og erfaring, uden sigtemidler eller stabilisatorer.<br \/><br \/>Det kr\u00e6ver styrke, teknik og ro at mestre en langbue, for al energien overf\u00f8res direkte fra skyttens tr\u00e6k til pilen.<br data-start=\"1624\" data-end=\"1627\" \/>Til geng\u00e6ld giver den en unik, naturlig fornemmelse af kontrol og kraft.<br \/><br \/><span style=\"color: #333333; font-family: Inter, sans-serif; font-size: 16px; font-weight: 400;\">Langbuen bruges i dag b\u00e5de til <\/span><strong style=\"color: #333333; font-family: Inter, sans-serif; font-size: 16px;\" data-start=\"1734\" data-end=\"1763\">traditionel skiveskydning<\/strong><span style=\"color: #333333; font-family: Inter, sans-serif; font-size: 16px; font-weight: 400;\">, <\/span><strong style=\"color: #333333; font-family: Inter, sans-serif; font-size: 16px;\" data-start=\"1765\" data-end=\"1781\">feltskydning<\/strong><span style=\"color: #333333; font-family: Inter, sans-serif; font-size: 16px; font-weight: 400;\"> og <\/span><strong style=\"color: #333333; font-family: Inter, sans-serif; font-size: 16px;\" data-start=\"1785\" data-end=\"1800\">3D-skydning<\/strong><span style=\"color: #333333; font-family: Inter, sans-serif; font-size: 16px; font-weight: 400;\">, hvor man skyder p\u00e5 dyrefigurer i naturen.<\/span><br \/><br \/>Afstandene varierer typisk mellem <strong data-start=\"1880\" data-end=\"1898\">10 og 50 meter<\/strong>, alt efter alder og erfaring.<\/p>\t\t\t\t\t\t\t\t<\/div>\n\t\t\t\t<\/div>\n\t\t\t\t<\/div>\n\t\t\t\t\t<\/div>\n\t\t\t\t<\/div>\n\t\t<div class=\"elementor-element elementor-element-208bd0d e-flex e-con-boxed e-con e-parent\" data-id=\"208bd0d\" data-element_type=\"container\" data-e-type=\"container\">\n\t\t\t\t\t<div class=\"e-con-inner\">\n\t\t<div class=\"elementor-element elementor-element-1075133 e-con-full e-flex e-con e-child\" data-id=\"1075133\" data-element_type=\"container\" data-e-type=\"container\">\n\t\t\t\t<div class=\"elementor-element elementor-element-f221697 elementor-widget elementor-widget-heading\" data-id=\"f221697\" data-element_type=\"widget\" data-e-type=\"widget\" data-widget_type=\"heading.default\">\n\t\t\t\t\t<h6 class=\"elementor-heading-title elementor-size-default\">Hvorfor Langbuen er sp\u00e6ndende?<\/h6>\t\t\t\t<\/div>\n\t\t\t\t<div class=\"elementor-element elementor-element-a5036da elementor-widget elementor-widget-text-editor\" data-id=\"a5036da\" data-element_type=\"widget\" data-e-type=\"widget\" data-widget_type=\"text-editor.default\">\n\t\t\t\t\t\t\t\t\t<p data-start=\"1968\" data-end=\"2221\">L<b>angbuen<\/b> er sp\u00e6ndende, fordi den kombinerer <strong data-start=\"2012\" data-end=\"2046\">historie, h\u00e5ndv\u00e6rk og instinkt<\/strong>.<br data-start=\"2047\" data-end=\"2050\" \/>Hver bue er unik \u2013 ofte h\u00e5ndlavet \u2013 og hver skytte udvikler sin egen stil.<br data-start=\"2124\" data-end=\"2127\" \/>Det er bueskydning, som forbinder fortid og nutid; hvor man m\u00e6rker traditionen i hvert skud.<\/p><p data-start=\"2223\" data-end=\"2372\">N\u00e5r man sp\u00e6nder en langbue, bliver man en del af en \u00e5rtusindgammel historie \u2013 og oplever, hvor simpelt og alligevel hvor dybt bueskydning kan v\u00e6re.<\/p><p data-start=\"2374\" data-end=\"2480\">Langbuen er for dem, der s\u00f8ger ro, udfordring og en t\u00e6t forbindelse til bueskydningens oprindelige sj\u00e6l.<\/p><p data-start=\"1989\" data-end=\"2222\">For mange f\u00f8les recurvebuen som den perfekte balance mellem menneske og maskine.<br data-start=\"2069\" data-end=\"2072\" \/>Det er en bue, der kr\u00e6ver disciplin, men som samtidig giver en dyb tilfredsstillelse, n\u00e5r man rammer midten \u2013 ikke kun p\u00e5 skiven, men ogs\u00e5 i sindet.<\/p><p data-start=\"2224\" data-end=\"2318\">Recurvebuen er kort sagt <strong data-start=\"2249\" data-end=\"2274\">bueskydningens hjerte<\/strong>: elegant, effektiv og evigt fascinerende<\/p>\t\t\t\t\t\t\t\t<\/div>\n\t\t\t\t<\/div>\n\t\t<div class=\"elementor-element elementor-element-fbd9761 e-con-full e-flex e-con e-child\" data-id=\"fbd9761\" data-element_type=\"container\" data-e-type=\"container\">\n\t\t\t\t<div class=\"elementor-element elementor-element-d4efb2a elementor-widget elementor-widget-image\" data-id=\"d4efb2a\" data-element_type=\"widget\" data-e-type=\"widget\" data-widget_type=\"image.default\">\n\t\t\t\t\t\t\t\t\t\t\t\t\t\t\t<img decoding=\"async\" width=\"356\" height=\"285\" src=\"https:\/\/frvbue.dk\/wp-content\/uploads\/2025\/11\/Resized_20200701_152327.jpg\" class=\"attachment-large size-large wp-image-1825\" alt=\"\" srcset=\"https:\/\/frvbue.dk\/wp-content\/uploads\/2025\/11\/Resized_20200701_152327.jpg 356w, https:\/\/frvbue.dk\/wp-content\/uploads\/2025\/11\/Resized_20200701_152327-300x240.jpg 300w\" sizes=\"(max-width: 356px) 100vw, 356px\" \/>\t\t\t\t\t\t\t\t\t\t\t\t\t\t\t<\/div>\n\t\t\t\t<\/div>\n\t\t\t\t\t<\/div>\n\t\t\t\t<\/div>\n\t\t\t\t<\/div>\n\t\t","protected":false},"excerpt":{"rendered":"<p>Langbuen Lang buen Langbuen er bueskydningens mest ikoniske og historiske bueform.En bue i sin reneste og mest oprindelige udgave \u2013 enkel, kraftfuld og smuk i sit h\u00e5ndv\u00e6rk.Den best\u00e5r typisk af [&hellip;]<\/p>\n","protected":false},"author":2,"featured_media":0,"parent":0,"menu_order":0,"comment_status":"closed","ping_status":"closed","template":"","meta":{"footnotes":""},"class_list":["post-1808","page","type-page","status-publish","hentry"],"_links":{"self":[{"href":"https:\/\/frvbue.dk\/index.php\/wp-json\/wp\/v2\/pages\/1808","targetHints":{"allow":["GET"]}}],"collection":[{"href":"https:\/\/frvbue.dk\/index.php\/wp-json\/wp\/v2\/pages"}],"about":[{"href":"https:\/\/frvbue.dk\/index.php\/wp-json\/wp\/v2\/types\/page"}],"author":[{"embeddable":true,"href":"https:\/\/frvbue.dk\/index.php\/wp-json\/wp\/v2\/users\/2"}],"replies":[{"embeddable":true,"href":"https:\/\/frvbue.dk\/index.php\/wp-json\/wp\/v2\/comments?post=1808"}],"version-history":[{"count":21,"href":"https:\/\/frvbue.dk\/index.php\/wp-json\/wp\/v2\/pages\/1808\/revisions"}],"predecessor-version":[{"id":2088,"href":"https:\/\/frvbue.dk\/index.php\/wp-json\/wp\/v2\/pages\/1808\/revisions\/2088"}],"wp:attachment":[{"href":"https:\/\/frvbue.dk\/index.php\/wp-json\/wp\/v2\/media?parent=1808"}],"curies":[{"name":"wp","href":"https:\/\/api.w.org\/{rel}","templated":true}]}}